{"id":188,"date":"2021-12-20T09:09:34","date_gmt":"2021-12-20T09:09:34","guid":{"rendered":"http:\/\/www.babootextil.com\/web\/?page_id=188"},"modified":"2021-12-20T09:09:58","modified_gmt":"2021-12-20T09:09:58","slug":"politica-de-cookies","status":"publish","type":"page","link":"https:\/\/www.babootextil.com\/web\/politica-de-cookies\/","title":{"rendered":"Pol\u00edtica de Cookies"},"content":{"rendered":"<p>Para que este sitio Web funcione correctamente necesita utilizar cookies, que es una informaci\u00f3n que se almacena en tu navegador web.<\/p>\n\n\n\n<p>En cumplimiento con lo dispuesto en el art\u00edculo 22.2 de la Ley 34\/2002, de 11 de julio, de Servicios de la Sociedad de la Informaci\u00f3n y de Comercio Electr\u00f3nico, el Titular te informa que este sitio Web utiliza cookies, as\u00ed como sobre su pol\u00edtica de recogida y el tratamiento que hace de las mismas.<\/p>\n\n\n\n<h2 class=\"wp-block-heading\">Qu\u00e9 son las cookies<\/h2>\n\n\n\n<p>Una cookie es un fichero que se descarga en tu ordenador al entrar a determinadas p\u00e1ginas web. Las cookies permiten a una p\u00e1gina web, entre otras cosas, almacenar y recuperar informaci\u00f3n sobre tus h\u00e1bitos de navegaci\u00f3n y \u2014dependiendo de la informaci\u00f3n que contengan y de la forma en que utilices tu equipo\u2014 pueden utilizarse para identificarte.<\/p>\n\n\n\n<h2 class=\"wp-block-heading\">Tipos de cookies utilizadas<\/h2>\n\n\n\n<p>El sitio Web&nbsp;<a href=\"http:\/\/www.babootextil.com\/\" target=\"_blank\" rel=\"noreferrer noopener\">http:\/\/www.babootextil.com\/<\/a>&nbsp;utiliza los siguientes tipos de cookies:<\/p>\n\n\n\n<p>\u00b7&nbsp;&nbsp;&nbsp;&nbsp;&nbsp;&nbsp;&nbsp;&nbsp;&nbsp;<strong>Cookies de an\u00e1lisis:<\/strong>&nbsp;Son aquellas que, bien tratadas por el sitio Web o por terceros, permiten cuantificar el n\u00famero de usuarios y as\u00ed realizar la medici\u00f3n y an\u00e1lisis estad\u00edstico de la utilizaci\u00f3n que hacen los usuarios del sitio Web. Para ello se analiza la navegaci\u00f3n que realizas en este sitio Web con el fin de mejorarlo.<\/p>\n\n\n\n<p>\u00b7&nbsp;&nbsp;&nbsp;&nbsp;&nbsp;&nbsp;&nbsp;&nbsp;&nbsp;<strong>Cookies t\u00e9cnicas:<\/strong>&nbsp;Son aquellas tratadas por el sitio Web que permiten a los usuarios registrados navegar a trav\u00e9s del \u00e1rea restringida y a utilizar sus diferentes funciones, como por ejemplo, llevar a cabo el proceso de compra de un Producto o Servicio.<br>Algunas cookies son esenciales para el funcionamiento del sitio Web, por ejemplo, el sistema de comentarios o el buscador.<\/p>\n\n\n\n<p>\u00b7&nbsp;&nbsp;&nbsp;&nbsp;&nbsp;&nbsp;&nbsp;&nbsp;&nbsp;<strong>Cookies de personalizaci\u00f3n:<\/strong>&nbsp;Son aquellas que permiten a los usuarios acceder al Servicio con algunas caracter\u00edsticas de car\u00e1cter general predefinidas en funci\u00f3n de una serie de criterios establecidos por el usuario como, por ejemplo, el idioma o el tipo de navegador a trav\u00e9s del cual se conecta a este sitio Web.<\/p>\n\n\n\n<h2 class=\"wp-block-heading\">Desactivar las cookies<\/h2>\n\n\n\n<p>Puedes aceptar, bloquear o eliminar las cookies instaladas en tu equipo mediante la configuraci\u00f3n de las opciones del navegador.<\/p>\n\n\n\n<p>En los siguientes enlaces encontrar\u00e1s instrucciones para habilitar o deshabilitar las cookies en los navegadores m\u00e1s comunes.<\/p>\n\n\n\n<p>\u00b7&nbsp;&nbsp;&nbsp;&nbsp;&nbsp;&nbsp;&nbsp;&nbsp;&nbsp;<strong>Firefox<\/strong>&nbsp;<a href=\"http:\/\/support.mozilla.org\/es\/kb\/habilitar-y-deshabilitar-cookies-que-los-sitios-we\" target=\"_blank\" rel=\"noreferrer noopener\">http:\/\/support.mozilla.org\/es\/kb\/habilitar-y-deshabilitar-cookies-que-los-sitios-we<\/a><\/p>\n\n\n\n<p>\u00b7&nbsp;&nbsp;&nbsp;&nbsp;&nbsp;&nbsp;&nbsp;&nbsp;&nbsp;<strong>Safari<\/strong>&nbsp;<a href=\"http:\/\/support.apple.com\/kb\/HT1677?viewlocale=es_ES\" target=\"_blank\" rel=\"noreferrer noopener\">http:\/\/support.apple.com\/kb\/HT1677?viewlocale=es_ES<\/a><\/p>\n\n\n\n<p>\u00b7&nbsp;&nbsp;&nbsp;&nbsp;&nbsp;&nbsp;&nbsp;&nbsp;&nbsp;<strong>Google Chrome<\/strong>&nbsp;<a href=\"https:\/\/support.google.com\/chrome\/answer\/95647?hl=es\" target=\"_blank\" rel=\"noreferrer noopener\">https:\/\/support.google.com\/chrome\/answer\/95647?hl=es<\/a><\/p>\n\n\n\n<h2 class=\"wp-block-heading\">Cookies de terceros<\/h2>\n\n\n\n<p>El sitio Web utiliza los servicios de \u00abGoogle Analytics\u00bb que pueden instalar cookies que sirven para obtener estad\u00edsticas y datos publicitarios.<\/p>\n\n\n\n<p>El sitio Web&nbsp;<a href=\"http:\/\/www.babootextil.com\/web\/\" target=\"_blank\" rel=\"noreferrer noopener\">http:\/\/www.babootextil.com\/<\/a>&nbsp;incluye otras funcionalidades proporcionadas por las redes sociales y que pueden instalar cookies. Puedes compartir el contenido en tus redes sociales como Facebook, Twitter, Google +, Instagram o YouTube con los botones incluidos a tal efecto o con las herramientas para compartir propias de las redes sociales.<\/p>\n\n\n\n<h2 class=\"wp-block-heading\">Advertencia sobre eliminar cookies<\/h2>\n\n\n\n<p>Puedes eliminar y bloquear las cookies de este sitio Web, pero parte del sitio no funcionar\u00e1 correctamente o su calidad puede verse afectada.<\/p>\n\n\n\n<h2 class=\"wp-block-heading\">Legitimaci\u00f3n para el tratamiento de datos<\/h2>\n\n\n\n<p>La base legal para el tratamiento de tus datos es: el consentimiento.<\/p>\n\n\n\n<p>Para contactar con el Titular, suscribirte a un bolet\u00edn o realizar comentarios en este sitio Web tienes que aceptar la presente Pol\u00edtica de Privacidad.<\/p>\n\n\n\n<h2 class=\"wp-block-heading\">Categor\u00edas de datos personales<\/h2>\n\n\n\n<p>Las categor\u00edas de datos personales que trata el Titular son:<\/p>\n\n\n\n<p>\u00b7&nbsp;&nbsp;&nbsp;&nbsp;&nbsp;&nbsp;&nbsp;&nbsp;&nbsp;Datos identificativos.<\/p>\n\n\n\n<p>\u00b7&nbsp;&nbsp;&nbsp;&nbsp;&nbsp;&nbsp;&nbsp;&nbsp;&nbsp;No se tratan categor\u00edas de datos especialmente protegidos.<\/p>\n\n\n\n<h2 class=\"wp-block-heading\">Conservaci\u00f3n de datos personales<\/h2>\n\n\n\n<p>Los datos personales que proporciones al Titular se conservar\u00e1n hasta que solicites su supresi\u00f3n.<\/p>\n\n\n\n<h2 class=\"wp-block-heading\">Destinatarios de datos personales<\/h2>\n\n\n\n<p>\u00b7&nbsp;&nbsp;&nbsp;&nbsp;&nbsp;&nbsp;&nbsp;&nbsp;&nbsp;<strong>Herramientas de mailmarketing:&nbsp;Mailchimp<\/strong>&nbsp;The Rocket Science Group LLC d\/b\/a , con domicilio en EEUU.<\/p>\n\n\n\n<p>\u00b7&nbsp;&nbsp;&nbsp;&nbsp;&nbsp;&nbsp;&nbsp;&nbsp;&nbsp;M\u00e1s informaci\u00f3n en:&nbsp;<a href=\"https:\/\/mailchimp.com\/legal\/privacy\/\" target=\"_blank\" rel=\"noreferrer noopener\">https:\/\/mailchimp.com<\/a><br>The Rocket Science Group LLC d\/b\/a trata los datos con la finalidad de prestar sus servicios de email marketing al Titular.<\/p>\n\n\n\n<p>\u00b7&nbsp;&nbsp;&nbsp;&nbsp;&nbsp;&nbsp;&nbsp;&nbsp;&nbsp;<strong>Google Analytics<\/strong>&nbsp;es un servicio de anal\u00edtica web prestado por Google, Inc., una compa\u00f1\u00eda de Delaware cuya oficina principal est\u00e1 en 1600 Amphitheatre Parkway, Mountain View (California), CA 94043, Estados Unidos (\u00abGoogle\u00bb).<br>Google Analytics utiliza \u00abcookies\u00bb, que son archivos de texto ubicados en tu ordenador, para ayudar al Titular a analizar el uso que hacen los Usuarios del sitio Web. La informaci\u00f3n que genera la cookie acerca del uso del sitio Web (incluyendo la direcci\u00f3n IP) ser\u00e1 directamente transmitida y archivada por Google en los servidores de Estados Unidos.<br>M\u00e1s informaci\u00f3n en:&nbsp;<a href=\"https:\/\/policies.google.com\/privacy?hl=es-ES\" target=\"_blank\" rel=\"noreferrer noopener\">https:\/\/analytics.google.com<\/a><\/p>\n\n\n\n<p>En la p\u00e1gina de&nbsp;<a href=\"https:\/\/policies.google.com\/privacy?hl=es\" target=\"_blank\" rel=\"noreferrer noopener\">Pol\u00edtica de privacidad de Google<\/a>&nbsp;se explica c\u00f3mo Google gestiona la privacidad en lo que respecta al uso de las cookies y otra informaci\u00f3n.<\/p>\n\n\n\n<p>Tambi\u00e9n puedes ver una lista de los&nbsp;<a href=\"https:\/\/policies.google.com\/technologies\/types?hl=es\" target=\"_blank\" rel=\"noreferrer noopener\">tipos de cookies<\/a>&nbsp;que utiliza Google y sus colaboradores y toda la informaci\u00f3n relativa al uso que hacen de las&nbsp;<a href=\"https:\/\/policies.google.com\/technologies\/ads?hl=es\" target=\"_blank\" rel=\"noreferrer noopener\">cookies publicitarias<\/a>.<\/p>\n\n\n\n<h2 class=\"wp-block-heading\">Navegaci\u00f3n Web<\/h2>\n\n\n\n<p>Al navegar por&nbsp;<a href=\"https:\/\/babootextil.com\/\" target=\"_blank\" rel=\"noreferrer noopener\">https:\/\/babootextil.com\/<\/a>&nbsp;se pueden recoger datos no identificativos, que pueden incluir, la direcci\u00f3n IP, geolocalizaci\u00f3n, un registro de c\u00f3mo se utilizan los servicios y sitios, h\u00e1bitos de navegaci\u00f3n y otros datos que no pueden ser utilizados para identificarte.<\/p>\n\n\n\n<p>El sitio Web utiliza los siguientes servicios de an\u00e1lisis de terceros:<\/p>\n\n\n\n<p>\u00b7&nbsp;&nbsp;&nbsp;&nbsp;&nbsp;&nbsp;&nbsp;&nbsp;&nbsp;Google Analytics.<\/p>\n\n\n\n<p>El Titular utiliza la informaci\u00f3n obtenida para obtener datos estad\u00edsticos, analizar tendencias, administrar el sitio, estudiar patrones de navegaci\u00f3n y para recopilar informaci\u00f3n demogr\u00e1fica.<\/p>\n\n\n\n<p>El Titular no se hace responsable del tratamiento de los datos personales que realicen las p\u00e1ginas web a las que puedas acceder a trav\u00e9s de los distintos enlaces que contiene el sitio Web.<\/p>\n\n\n\n<h2 class=\"wp-block-heading\">Exactitud y veracidad de los datos personales<\/h2>\n\n\n\n<p>Te comprometes a que los datos facilitados al Titular sean correctos, completos, exactos y vigentes, as\u00ed como a mantenerlos debidamente actualizados.<\/p>\n\n\n\n<p>Como Usuario del sitio Web eres el \u00fanico responsable de la veracidad y correcci\u00f3n de los datos remitidos al sitio Web exonerando a Baboo Textil de cualquier responsabilidad al respecto.<\/p>\n\n\n\n<h2 class=\"wp-block-heading\">Aceptaci\u00f3n y consentimiento<\/h2>\n\n\n\n<p>Como Usuario del sitio Web declaras haber sido informado de las condiciones sobre protecci\u00f3n de datos de car\u00e1cter personal, aceptas y consientes el tratamiento de los mismos por parte de Baboo Textil en la forma y para las finalidades indicadas en esta Pol\u00edtica de Privacidad.<\/p>\n\n\n\n<h2 class=\"wp-block-heading\">Revocabilidad<\/h2>\n\n\n\n<p>Para ejercitar tus derechos de acceso, rectificaci\u00f3n, cancelaci\u00f3n y oposici\u00f3n tienes que enviar un correo postal a Baboo Textil &#8211; Espa\u00f1a, junto con la prueba v\u00e1lida en derecho como una fotocopia del D.N.I. o equivalente.<\/p>\n\n\n\n<p>El ejercicio de estos derechos no incluye ning\u00fan dato que Baboo Textil est\u00e9 obligado a conservar con fines administrativos, legales o de seguridad.<\/p>\n\n\n\n<h2 class=\"wp-block-heading\">Cambios en la Pol\u00edtica de Privacidad<\/h2>\n\n\n\n<p>El Titular se reserva el derecho a modificar la presente Pol\u00edtica de Privacidad para adaptarla a novedades legislativas o jurisprudenciales, as\u00ed como a pr\u00e1cticas de la industria.<\/p>\n\n<!--themify_builder_content-->\n<div id=\"themify_builder_content-188\" data-postid=\"188\" class=\"themify_builder_content themify_builder_content-188 themify_builder tf_clear\">\n    <\/div>\n<!--\/themify_builder_content-->","protected":false},"excerpt":{"rendered":"<p>Para que este sitio Web funcione correctamente necesita utilizar cookies, que es una informaci\u00f3n que se almacena en tu navegador web. En cumplimiento con lo dispuesto en el art\u00edculo 22.2 de la Ley 34\/2002, de 11 de julio, de Servicios de la Sociedad de la Informaci\u00f3n y de Comercio Electr\u00f3nico, el Titular te informa que [&hellip;]<\/p>\n","protected":false},"author":1,"featured_media":0,"parent":0,"menu_order":0,"comment_status":"closed","ping_status":"closed","template":"","meta":{"footnotes":""},"class_list":["post-188","page","type-page","status-publish","hentry","has-post-title","has-post-date","has-post-category","has-post-tag","has-post-comment","has-post-author",""],"builder_content":"","_links":{"self":[{"href":"https:\/\/www.babootextil.com\/web\/wp-json\/wp\/v2\/pages\/188","targetHints":{"allow":["GET"]}}],"collection":[{"href":"https:\/\/www.babootextil.com\/web\/wp-json\/wp\/v2\/pages"}],"about":[{"href":"https:\/\/www.babootextil.com\/web\/wp-json\/wp\/v2\/types\/page"}],"author":[{"embeddable":true,"href":"https:\/\/www.babootextil.com\/web\/wp-json\/wp\/v2\/users\/1"}],"replies":[{"embeddable":true,"href":"https:\/\/www.babootextil.com\/web\/wp-json\/wp\/v2\/comments?post=188"}],"version-history":[{"count":3,"href":"https:\/\/www.babootextil.com\/web\/wp-json\/wp\/v2\/pages\/188\/revisions"}],"predecessor-version":[{"id":191,"href":"https:\/\/www.babootextil.com\/web\/wp-json\/wp\/v2\/pages\/188\/revisions\/191"}],"wp:attachment":[{"href":"https:\/\/www.babootextil.com\/web\/wp-json\/wp\/v2\/media?parent=188"}],"curies":[{"name":"wp","href":"https:\/\/api.w.org\/{rel}","templated":true}]}}