{"id":56,"date":"2021-12-13T11:22:21","date_gmt":"2021-12-13T11:22:21","guid":{"rendered":"http:\/\/www.babootextil.com\/web\/?page_id=56"},"modified":"2025-07-10T10:25:26","modified_gmt":"2025-07-10T10:25:26","slug":"inicio","status":"publish","type":"page","link":"https:\/\/www.babootextil.com\/web\/","title":{"rendered":"INICIO"},"content":{"rendered":"<!--themify_builder_content-->\n<div id=\"themify_builder_content-56\" data-postid=\"56\" class=\"themify_builder_content themify_builder_content-56 themify_builder tf_clear\">\n    \t<!-- module_row -->\n\t<div  data-lazy=\"1\" class=\"module_row themify_builder_row tb_w8ii767 tb_first tf_clearfix\" >\n\t    \t\t<div class=\"row_inner col_align_top tf_box tf_w tf_rel\">\n\t\t\t<div  data-lazy=\"1\" class=\"module_column tb-column col-full first tb_caj8768 tf_box\">\n\t    \t    \t        <div class=\"tb-column-inner tf_box tf_w\">\n\t\t    <!-- module image -->\n<div  class=\"module module-image tb_mhiq726   image-top active-caption-hover auto_fullwidth tf_mw\" data-lazy=\"1\">\n        <div class=\"image-wrap tf_rel tf_mw\">\n\t\t    <img loading=\"lazy\" decoding=\"async\" src=\"http:\/\/www.babootextil.com\/web\/wp-content\/uploads\/2025\/04\/7eb4b2c2-f480-455d-be47-fd5622230b3d.png\" width=\"2000\" height=\"1600\" title=\"INICIO\" alt=\"INICIO\">\t\n\t\t<\/div>\n\t<!-- \/image-wrap -->\n    \n    \t<\/div>\n<!-- \/module image -->\t        <\/div>\n\t    \t<\/div>\n\t\t    <\/div>\n\t    <!-- \/row_inner -->\n\t<\/div>\n\t<!-- \/module_row -->\n\t\t<!-- module_row -->\n\t<div  data-lazy=\"1\" class=\"module_row themify_builder_row repeat tb_xz33169 tf_clearfix\" >\n\t    \t\t<div class=\"row_inner col_align_top tf_box tf_w tf_rel\">\n\t\t\t<div  data-lazy=\"1\" class=\"module_column tb-column col-full first tb_cae3170 repeat tf_box\">\n\t    \t    \t        <div class=\"tb-column-inner tf_box tf_w\">\n\t\t    <!-- module text -->\n<div  class=\"module module-text tb_gl3u214   \" data-lazy=\"1\">\n        <div  class=\"tb_text_wrap\">\n    <p style=\"text-align: center;\"><img loading=\"lazy\" decoding=\"async\" class=\"alignnone size-medium wp-image-104\" src=\"http:\/\/www.babootextil.com\/web\/wp-content\/uploads\/2021\/12\/logo-300x60.png\" alt=\"\" width=\"300\" height=\"60\" srcset=\"https:\/\/www.babootextil.com\/web\/wp-content\/uploads\/2021\/12\/logo-300x60.png 300w, https:\/\/www.babootextil.com\/web\/wp-content\/uploads\/2021\/12\/logo-1024x206.png 1024w, https:\/\/www.babootextil.com\/web\/wp-content\/uploads\/2021\/12\/logo-768x154.png 768w, https:\/\/www.babootextil.com\/web\/wp-content\/uploads\/2021\/12\/logo.png 1080w\" sizes=\"auto, (max-width: 300px) 100vw, 300px\" \/><\/p>\n<p style=\"text-align: center;\">Dedicados a la importaci\u00f3n, exportaci\u00f3n, almacenamiento, compra y venta<\/p>\n<p style=\"text-align: center;\">al por mayor y menor de productos y mercancias textiles<\/p>    <\/div>\n<\/div>\n<!-- \/module text -->\t<div  data-lazy=\"1\" class=\"module_subrow themify_builder_sub_row tb_smq9360 tf_w tf_clearfix\">\n\t    \t\t<div class=\"subrow_inner col_align_top tf_box tf_w\">\n\t\t\t<div  data-lazy=\"1\" class=\"sub_column module_column tf_box col3-1 first tb_770f361\"> \n\t    \t    \t        <div class=\"tb-column-inner tf_box tf_w\">\n\t\t    <!-- module image -->\n<div  class=\"module module-image tb_mtpj326   image-top auto_fullwidth tf_mw hover-wow\" data-tf-animation_hover=\"pulse\" data-lazy=\"1\">\n        <div class=\"image-wrap tf_rel tf_mw\">\n\t\t    <a href=\"https:\/\/babootextil.com\/ungaro\/es\/\"\n\t       \t       >\n\t\t   \t\t<img loading=\"lazy\" decoding=\"async\" src=\"http:\/\/www.babootextil.com\/web\/wp-content\/uploads\/2022\/10\/015-scaled.jpg\" width=\"1707\" height=\"2560\" title=\"UNGARO\" alt=\"C\u00f3noce todo sobre Ungaro\">\t    <\/a>\n\t\n\t\t<\/div>\n\t<!-- \/image-wrap -->\n    \n    \t<div class=\"image-content\">\n\t    \t\t\t<h3 class=\"image-title\">\n\t\t\t\t\t\t\t\t\t<a href=\"https:\/\/babootextil.com\/ungaro\/es\/\" \n\t\t\t\t\t   \t\t\t\t\t   >\n\t\t\t\t\t\t   UNGARO\t\t\t\t\t<\/a>\n\t\t\t\t\t\t\t<\/h3>\n\t    \n\t    \t\t<div class=\"image-caption tb_text_wrap\">\n\t\t    \nC\u00f3noce todo sobre Ungaro\t    <\/div>\n\t    <!-- \/image-caption -->\n\t    \t<\/div>\n\t<!-- \/image-content -->\n    \t<\/div>\n<!-- \/module image -->\t        <\/div>\n\t    \t<\/div>\n\t\t<div  data-lazy=\"1\" class=\"sub_column module_column tf_box col3-1 middle tb_6nso362\"> \n\t    \t    \t        <div class=\"tb-column-inner tf_box tf_w\">\n\t\t    <!-- module image -->\n<div  class=\"module module-image tb_y7km330   image-top auto_fullwidth tf_mw hover-wow\" data-tf-animation_hover=\"pulse\" data-lazy=\"1\">\n        <div class=\"image-wrap tf_rel tf_mw\">\n\t\t    <a href=\"https:\/\/www.lingadore.com\/\"\n\t       \t       >\n\t\t   \t\t<img loading=\"lazy\" decoding=\"async\" src=\"http:\/\/www.babootextil.com\/web\/wp-content\/uploads\/2022\/10\/9A3A7395rgb-scaled.jpg\" width=\"1707\" height=\"2560\" title=\"LINGADORE\" alt=\"Ad\u00e9ntrate en el mundo de Lingadore\">\t    <\/a>\n\t\n\t\t<\/div>\n\t<!-- \/image-wrap -->\n    \n    \t<div class=\"image-content\">\n\t    \t\t\t<h3 class=\"image-title\">\n\t\t\t\t\t\t\t\t\t<a href=\"https:\/\/www.lingadore.com\/\" \n\t\t\t\t\t   \t\t\t\t\t   >\n\t\t\t\t\t\t   LINGADORE\t\t\t\t\t<\/a>\n\t\t\t\t\t\t\t<\/h3>\n\t    \n\t    \t\t<div class=\"image-caption tb_text_wrap\">\n\t\t    Ad\u00e9ntrate en el mundo de Lingadore\t    <\/div>\n\t    <!-- \/image-caption -->\n\t    \t<\/div>\n\t<!-- \/image-content -->\n    \t<\/div>\n<!-- \/module image -->\t        <\/div>\n\t    \t<\/div>\n\t\t<div  data-lazy=\"1\" class=\"sub_column module_column tf_box col3-1 last tb_wfmn362\"> \n\t    \t    \t        <div class=\"tb-column-inner tf_box tf_w\">\n\t\t    <!-- module image -->\n<div  class=\"module module-image tb_yz78332   image-center auto_fullwidth tf_mw hover-wow\" data-tf-animation_hover=\"pulse\" data-lazy=\"1\">\n        <div class=\"image-wrap tf_rel tf_mw\">\n\t\t    <a href=\"https:\/\/www.theuntouchablesbrand.com\/\"\n\t       \t       >\n\t\t   \t\t<img loading=\"lazy\" decoding=\"async\" src=\"http:\/\/www.babootextil.com\/web\/wp-content\/uploads\/2022\/10\/Sin-ti\u0301tulo-3.jpg\" width=\"1707\" height=\"2560\" title=\"THE UNTOUCHABLES\u00a0BRAND\" alt=\"Keep Your Values\">\t    <\/a>\n\t\n\t\t<\/div>\n\t<!-- \/image-wrap -->\n    \n    \t<div class=\"image-content\">\n\t    \t\t\t<h3 class=\"image-title\">\n\t\t\t\t\t\t\t\t\t<a href=\"https:\/\/www.theuntouchablesbrand.com\/\" \n\t\t\t\t\t   \t\t\t\t\t   >\n\t\t\t\t\t\t   THE UNTOUCHABLES\u00a0BRAND\t\t\t\t\t<\/a>\n\t\t\t\t\t\t\t<\/h3>\n\t    \n\t    \t\t<div class=\"image-caption tb_text_wrap\">\n\t\t    Keep Your Values\t    <\/div>\n\t    <!-- \/image-caption -->\n\t    \t<\/div>\n\t<!-- \/image-content -->\n    \t<\/div>\n<!-- \/module image -->\t        <\/div>\n\t    \t<\/div>\n\t\t    <\/div>\n\t<\/div><!-- \/themify_builder_sub_row -->\n\t<!-- module buttons -->\n<div  class=\"module module-buttons tb_rj2p449 buttons-horizontal solid  circle tf_textc hover-wow\" data-tf-animation_hover=\"pulse\" data-lazy=\"1\">\n    \t<div class=\"module-buttons-item tf_inline_b\">\n\t\t\t\t\t\t\t<a href=\"http:\/\/www.babootextil.com\/web\/conocenos\" class=\"ui builder_button tb_default_color\" target=\"_blank\" rel=\"noopener\">\n\t\t\t\t\t\t\t\t\t\t\t<span class=\"tf_inline_b tf_vmiddle\">CON\u00d3CENOS<\/span>\n\t\t\t\t\t\t\t\t\t\t\t<\/a>\n\t\t\t    \t<\/div>\n\t<\/div>\n<!-- \/module buttons -->\n\t<div  data-lazy=\"1\" class=\"module_subrow themify_builder_sub_row tb_ppns807 tf_w tf_clearfix\">\n\t    \t\t<div class=\"subrow_inner col_align_top tf_box tf_w\">\n\t\t\t<div  data-lazy=\"1\" class=\"sub_column module_column tf_box col-full first tb_xikp807\"> \n\t    \t    \t        <div class=\"tb-column-inner tf_box tf_w\">\n\t\t    <!-- module image -->\n<div  class=\"module module-image tb_nhry618 drop-shadow bordered  image-center tf_mw wow\" data-tf-animation=\"tada\" data-lazy=\"1\">\n        <div class=\"image-wrap tf_rel tf_mw\">\n\t\t    <img loading=\"lazy\" decoding=\"async\" src=\"http:\/\/www.babootextil.com\/web\/wp-content\/uploads\/2025\/01\/ColaboraBaboo.png\" width=\"396\" height=\"112\" title=\"INICIO\" alt=\"INICIO\">\t\n\t\t<\/div>\n\t<!-- \/image-wrap -->\n    \n    \t<\/div>\n<!-- \/module image -->\t        <\/div>\n\t    \t<\/div>\n\t\t    <\/div>\n\t<\/div><!-- \/themify_builder_sub_row -->\n\t\t        <\/div>\n\t    \t<\/div>\n\t\t    <\/div>\n\t    <!-- \/row_inner -->\n\t<\/div>\n\t<!-- \/module_row -->\n\t<\/div>\n<!--\/themify_builder_content-->","protected":false},"excerpt":{"rendered":"<p>Dedicados a la importaci\u00f3n, exportaci\u00f3n, almacenamiento, compra y venta al por mayor y menor de productos y mercancias textiles UNGARO C\u00f3noce todo sobre Ungaro LINGADORE Ad\u00e9ntrate en el mundo de Lingadore THE UNTOUCHABLES\u00a0BRAND Keep Your Values CON\u00d3CENOS<\/p>\n","protected":false},"author":1,"featured_media":0,"parent":0,"menu_order":0,"comment_status":"closed","ping_status":"closed","template":"","meta":{"footnotes":""},"class_list":["post-56","page","type-page","status-publish","hentry","has-post-title","has-post-date","has-post-category","has-post-tag","has-post-comment","has-post-author",""],"builder_content":"<img src=\"http:\/\/www.babootextil.com\/web\/wp-content\/uploads\/2025\/04\/7eb4b2c2-f480-455d-be47-fd5622230b3d.png\" width=\"2000\" height=\"1600\" title=\"INICIO\" alt=\"INICIO\">\n<p style=\"text-align: center;\"><img loading=\"lazy\" decoding=\"async\" src=\"http:\/\/www.babootextil.com\/web\/wp-content\/uploads\/2021\/12\/logo-300x60.png\" alt=\"\" width=\"300\" height=\"60\" srcset=\"https:\/\/www.babootextil.com\/web\/wp-content\/uploads\/2021\/12\/logo-300x60.png 300w, https:\/\/www.babootextil.com\/web\/wp-content\/uploads\/2021\/12\/logo-1024x206.png 1024w, https:\/\/www.babootextil.com\/web\/wp-content\/uploads\/2021\/12\/logo-768x154.png 768w, https:\/\/www.babootextil.com\/web\/wp-content\/uploads\/2021\/12\/logo.png 1080w\" sizes=\"auto, (max-width: 300px) 100vw, 300px\" \/><\/p> <p style=\"text-align: center;\">Dedicados a la importaci\u00f3n, exportaci\u00f3n, almacenamiento, compra y venta<\/p> <p style=\"text-align: center;\">al por mayor y menor de productos y mercancias textiles<\/p>\n<a href=\"https:\/\/babootextil.com\/ungaro\/es\/\" > <img src=\"http:\/\/www.babootextil.com\/web\/wp-content\/uploads\/2022\/10\/015-scaled.jpg\" width=\"1707\" height=\"2560\" title=\"UNGARO\" alt=\"C\u00f3noce todo sobre Ungaro\"> <\/a> <h3> <a href=\"https:\/\/babootextil.com\/ungaro\/es\/\" > UNGARO <\/a> <\/h3> C\u00f3noce todo sobre Ungaro\n<a href=\"https:\/\/www.lingadore.com\/\" > <img src=\"http:\/\/www.babootextil.com\/web\/wp-content\/uploads\/2022\/10\/9A3A7395rgb-scaled.jpg\" width=\"1707\" height=\"2560\" title=\"LINGADORE\" alt=\"Ad\u00e9ntrate en el mundo de Lingadore\"> <\/a> <h3> <a href=\"https:\/\/www.lingadore.com\/\" > LINGADORE <\/a> <\/h3> Ad\u00e9ntrate en el mundo de Lingadore\n<a href=\"https:\/\/www.theuntouchablesbrand.com\/\" > <img src=\"http:\/\/www.babootextil.com\/web\/wp-content\/uploads\/2022\/10\/Sin-ti\u0301tulo-3.jpg\" width=\"1707\" height=\"2560\" title=\"THE UNTOUCHABLES\u00a0BRAND\" alt=\"Keep Your Values\"> <\/a> <h3> <a href=\"https:\/\/www.theuntouchablesbrand.com\/\" > THE UNTOUCHABLES\u00a0BRAND <\/a> <\/h3> Keep Your Values\n<a href=\"http:\/\/www.babootextil.com\/web\/conocenos\" target=\"_blank\" rel=\"noopener\"> CON\u00d3CENOS <\/a>\n<img src=\"http:\/\/www.babootextil.com\/web\/wp-content\/uploads\/2025\/01\/ColaboraBaboo.png\" width=\"396\" height=\"112\" title=\"INICIO\" alt=\"INICIO\">","_links":{"self":[{"href":"https:\/\/www.babootextil.com\/web\/wp-json\/wp\/v2\/pages\/56","targetHints":{"allow":["GET"]}}],"collection":[{"href":"https:\/\/www.babootextil.com\/web\/wp-json\/wp\/v2\/pages"}],"about":[{"href":"https:\/\/www.babootextil.com\/web\/wp-json\/wp\/v2\/types\/page"}],"author":[{"embeddable":true,"href":"https:\/\/www.babootextil.com\/web\/wp-json\/wp\/v2\/users\/1"}],"replies":[{"embeddable":true,"href":"https:\/\/www.babootextil.com\/web\/wp-json\/wp\/v2\/comments?post=56"}],"version-history":[{"count":69,"href":"https:\/\/www.babootextil.com\/web\/wp-json\/wp\/v2\/pages\/56\/revisions"}],"predecessor-version":[{"id":287,"href":"https:\/\/www.babootextil.com\/web\/wp-json\/wp\/v2\/pages\/56\/revisions\/287"}],"wp:attachment":[{"href":"https:\/\/www.babootextil.com\/web\/wp-json\/wp\/v2\/media?parent=56"}],"curies":[{"name":"wp","href":"https:\/\/api.w.org\/{rel}","templated":true}]}}