{"id":58,"date":"2021-12-13T11:22:55","date_gmt":"2021-12-13T11:22:55","guid":{"rendered":"http:\/\/www.babootextil.com\/web\/?page_id=58"},"modified":"2022-03-29T07:59:07","modified_gmt":"2022-03-29T07:59:07","slug":"conocenos","status":"publish","type":"page","link":"https:\/\/www.babootextil.com\/web\/conocenos\/","title":{"rendered":"Con\u00f3cenos"},"content":{"rendered":"<!--themify_builder_content-->\n<div id=\"themify_builder_content-58\" data-postid=\"58\" class=\"themify_builder_content themify_builder_content-58 themify_builder tf_clear\">\n    \t<!-- module_row -->\n\t<div  data-lazy=\"1\" class=\"module_row themify_builder_row repeat tb_q1q3267 tb_first tf_clearfix\" >\n\t    \t\t<div class=\"row_inner col_align_top tf_box tf_w tf_rel\">\n\t\t\t<div  data-lazy=\"1\" class=\"module_column tb-column col-full first tb_2av6268 tf_box\">\n\t    \t    \t        <div class=\"tb-column-inner tf_box tf_w\">\n\t\t    <!-- module text -->\n<div  class=\"module module-text tb_cq40492   \" data-lazy=\"1\">\n        <div  class=\"tb_text_wrap\">\n    <h2 style=\"text-align: center;\"><span style=\"color: #ffffff;\"><strong>CON\u00d3CENOS<\/strong><\/span><\/h2>    <\/div>\n<\/div>\n<!-- \/module text --><!-- module text -->\n<div  class=\"module module-text tb_9lvt691  repeat \" data-lazy=\"1\">\n        <div  class=\"tb_text_wrap\">\n    <p style=\"text-align: center;\"><span style=\"color: #ffffff;\">Baboo Textil Sociedad Limitada<\/span><\/p>\n<p style=\"text-align: center;\"><span style=\"color: #ffffff;\">Contamos con 13 a\u00f1os de funcionamineto dedic\u00e1ndonos a la importaci\u00f3n, exportaci\u00f3n,<\/span><\/p>\n<p style=\"text-align: center;\"><span style=\"color: #ffffff;\">almacenamiento, compra y venta al por mayor y menor<\/span><\/p>\n<p style=\"text-align: center;\"><span style=\"color: #ffffff;\">de productos y mercanc\u00edas textiles.<\/span><\/p>    <\/div>\n<\/div>\n<!-- \/module text -->\t        <\/div>\n\t    \t<\/div>\n\t\t    <\/div>\n\t    <!-- \/row_inner -->\n\t<\/div>\n\t<!-- \/module_row -->\n\t\t<!-- module_row -->\n\t<div  data-lazy=\"1\" class=\"module_row themify_builder_row tb_mu4v35 tf_clearfix\" >\n\t    \t\t<div class=\"row_inner col_align_top tf_box tf_w tf_rel\">\n\t\t\t<div  data-lazy=\"1\" class=\"module_column tb-column col-full first tb_oab936 tf_box\">\n\t    \t    \t        <div class=\"tb-column-inner tf_box tf_w\">\n\t\t    <!-- module image -->\n<div  class=\"module module-image tb_vtd0762   image-center tf_mw\" data-lazy=\"1\">\n        <div class=\"image-wrap tf_rel tf_mw\">\n\t\t    <img loading=\"lazy\" decoding=\"async\" src=\"http:\/\/www.babootextil.com\/web\/wp-content\/uploads\/2021\/05\/logo.png\" width=\"316\" height=\"63\" title=\"Con\u00f3cenos\" alt=\"Con\u00f3cenos\">\t\n\t\t<\/div>\n\t<!-- \/image-wrap -->\n    \n    \t<\/div>\n<!-- \/module image --><!-- module text -->\n<div  class=\"module module-text tb_eaa375   \" data-lazy=\"1\">\n        <div  class=\"tb_text_wrap\">\n    <p style=\"text-align: center;\">Somos una empresa dedicada al desarrollo, fabricaci\u00f3n, distribuci\u00f3n y comerzalizaci\u00f3n de\u00a0<span style=\"background-color: initial; font-size: 1em;\">productos\u00a0<\/span><\/p>\n<p style=\"text-align: center;\"><span style=\"background-color: initial; font-size: 1em;\">underwear, homewear y swimwear bajo licencia a nivel global.\u00a0<\/span><\/p>\n<p style=\"text-align: center;\"><span style=\"background-color: initial; font-size: 1em;\">Actualmente somos propietarios de la licencia de Azzaro Par\u00eds y Ungaro.<\/span><\/p>\n<p style=\"text-align: center;\">Adem\u00e1s durante estos \u00faltimos a\u00f1os hemos desarrollado y fabricado para otras marcas.<\/p>\n<p>\u00a0<\/p>\n<p>\u00a0<\/p>    <\/div>\n<\/div>\n<!-- \/module text -->\t        <\/div>\n\t    \t<\/div>\n\t\t    <\/div>\n\t    <!-- \/row_inner -->\n\t<\/div>\n\t<!-- \/module_row -->\n\t\t<!-- module_row -->\n\t<div  data-lazy=\"1\" class=\"module_row themify_builder_row tb_ac1e426 tf_clearfix\">\n\t    \t\t<div class=\"row_inner col_align_top tf_box tf_w tf_rel\">\n\t\t\t<div  data-lazy=\"1\" class=\"module_column tb-column col3-1 first tb_82tr426 tf_box\">\n\t    \t    \t        <div class=\"tb-column-inner tf_box tf_w\">\n\t\t    <!-- module text -->\n<div  class=\"module module-text tb_uyxj571   \" data-lazy=\"1\">\n        <div  class=\"tb_text_wrap\">\n    <p style=\"text-align: center;\"><span style=\"color: #ffc46b;\"><img loading=\"lazy\" decoding=\"async\" class=\"wp-image-78 aligncenter\" src=\"http:\/\/www.babootextil.com\/web\/wp-content\/uploads\/2021\/12\/fabrica-300x300.png\" alt=\"\" width=\"100\" height=\"100\" srcset=\"https:\/\/www.babootextil.com\/web\/wp-content\/uploads\/2021\/12\/fabrica-300x300.png 300w, https:\/\/www.babootextil.com\/web\/wp-content\/uploads\/2021\/12\/fabrica-150x150.png 150w, https:\/\/www.babootextil.com\/web\/wp-content\/uploads\/2021\/12\/fabrica.png 512w\" sizes=\"auto, (max-width: 100px) 100vw, 100px\" \/><\/span><\/p>\n<p style=\"text-align: center;\"><span style=\"color: #ffc46b;\">FABRICACI\u00d3N<\/span><\/p>\n<p style=\"text-align: justify;\">Adem\u00e1s del equipo de dise\u00f1o propio, colaboramos con estudios de dise\u00f1o internacionales y grandes dise\u00f1adores de la moda localizados en Francia, Italia y Alemania. Este enfoque permite acceder y conocer las evoluciones de dise\u00f1o y estilo en cada segmento.<\/p>    <\/div>\n<\/div>\n<!-- \/module text -->\t        <\/div>\n\t    \t<\/div>\n\t\t<div  data-lazy=\"1\" class=\"module_column tb-column col3-1 middle tb_h56j426 tf_box\">\n\t    \t    \t        <div class=\"tb-column-inner tf_box tf_w\">\n\t\t    <!-- module text -->\n<div  class=\"module module-text tb_bzfr529   \" data-lazy=\"1\">\n        <div  class=\"tb_text_wrap\">\n    <p style=\"text-align: center;\"><span style=\"color: #ffc46b;\"><img loading=\"lazy\" decoding=\"async\" class=\"wp-image-77 aligncenter\" src=\"http:\/\/www.babootextil.com\/web\/wp-content\/uploads\/2021\/12\/camion-300x300.png\" alt=\"\" width=\"100\" height=\"100\" srcset=\"https:\/\/www.babootextil.com\/web\/wp-content\/uploads\/2021\/12\/camion-300x300.png 300w, https:\/\/www.babootextil.com\/web\/wp-content\/uploads\/2021\/12\/camion-150x150.png 150w, https:\/\/www.babootextil.com\/web\/wp-content\/uploads\/2021\/12\/camion.png 512w\" sizes=\"auto, (max-width: 100px) 100vw, 100px\" \/><\/span><\/p>\n<p style=\"text-align: center;\"><span style=\"color: #ffc46b;\">LOG\u00cdSTICA<\/span><\/p>\n<p style=\"text-align: justify;\">Contamos con un almacen de 2000m\u00b2 situado en Valencia. Nuestra localizaci\u00f3n y saber hacer, junto con nuestros proveedores log\u00edsticos, hace de la r\u00e1pidez en las entregas una de nuestras mayores virtudes.<\/p>    <\/div>\n<\/div>\n<!-- \/module text -->\t        <\/div>\n\t    \t<\/div>\n\t\t<div  data-lazy=\"1\" class=\"module_column tb-column col3-1 last tb_sfaa427 tf_box\">\n\t    \t    \t        <div class=\"tb-column-inner tf_box tf_w\">\n\t\t    <!-- module text -->\n<div  class=\"module module-text tb_wjo0545   \" data-lazy=\"1\">\n        <div  class=\"tb_text_wrap\">\n    <p style=\"text-align: center;\"><span style=\"color: #ffc46b;\"><img loading=\"lazy\" decoding=\"async\" class=\"wp-image-84 aligncenter\" src=\"http:\/\/www.babootextil.com\/web\/wp-content\/uploads\/2021\/12\/paleta-300x300.png\" alt=\"\" width=\"100\" height=\"100\" srcset=\"https:\/\/www.babootextil.com\/web\/wp-content\/uploads\/2021\/12\/paleta-300x300.png 300w, https:\/\/www.babootextil.com\/web\/wp-content\/uploads\/2021\/12\/paleta-150x150.png 150w, https:\/\/www.babootextil.com\/web\/wp-content\/uploads\/2021\/12\/paleta.png 512w\" sizes=\"auto, (max-width: 100px) 100vw, 100px\" \/><\/span><\/p>\n<p style=\"text-align: center;\"><span style=\"color: #ffc46b;\">EXPERIENCIA Y CAPACIDAD DE DISE\u00d1O<\/span><\/p>\n<p>Contamos con un gran equipo de dise\u00f1o propio y adem\u00e1s de ello colaboramos con estudios de dise\u00f1o internacionales y dise\u00f1adores franceses que nos permiten tenernos actualizados en el sector de la moda.<\/p>    <\/div>\n<\/div>\n<!-- \/module text -->\t        <\/div>\n\t    \t<\/div>\n\t\t    <\/div>\n\t    <!-- \/row_inner -->\n\t<\/div>\n\t<!-- \/module_row -->\n\t\t<!-- module_row -->\n\t<div  data-lazy=\"1\" class=\"module_row themify_builder_row tb_v6mu414 tf_clearfix\">\n\t    \t\t<div class=\"row_inner col_align_top tf_box tf_w tf_rel\">\n\t\t\t<div  data-lazy=\"1\" class=\"module_column tb-column col3-1 first tb_yp97415 tf_box\">\n\t    \t    \t        <div class=\"tb-column-inner tf_box tf_w\">\n\t\t    <!-- module text -->\n<div  class=\"module module-text tb_dzcy415   \" data-lazy=\"1\">\n        <div  class=\"tb_text_wrap\">\n    <p style=\"text-align: center;\"><span style=\"color: #ffc46b;\"><img loading=\"lazy\" decoding=\"async\" class=\"wp-image-82 aligncenter\" src=\"http:\/\/www.babootextil.com\/web\/wp-content\/uploads\/2021\/12\/seo-300x300.png\" alt=\"\" width=\"100\" height=\"100\" srcset=\"https:\/\/www.babootextil.com\/web\/wp-content\/uploads\/2021\/12\/seo-300x300.png 300w, https:\/\/www.babootextil.com\/web\/wp-content\/uploads\/2021\/12\/seo-150x150.png 150w, https:\/\/www.babootextil.com\/web\/wp-content\/uploads\/2021\/12\/seo.png 512w\" sizes=\"auto, (max-width: 100px) 100vw, 100px\" \/><\/span><\/p>\n<p style=\"text-align: center;\"><span style=\"color: #ffc46b;\">ACCIONES COMERCIALES<\/span><\/p>\n<p style=\"text-align: justify;\">Estamos presentes en las principales Ferias relacionadas con cada una de las lineas de producto. Contacto directo con mayoristas, representantes y grandes clientes. B\u00fasqueda de nuevos mercados emergentes con potencial de cremiento.<\/p>    <\/div>\n<\/div>\n<!-- \/module text -->\t        <\/div>\n\t    \t<\/div>\n\t\t<div  data-lazy=\"1\" class=\"module_column tb-column col3-1 middle tb_9k25415 tf_box\">\n\t    \t    \t        <div class=\"tb-column-inner tf_box tf_w\">\n\t\t    <!-- module text -->\n<div  class=\"module module-text tb_4jzy280   \" data-lazy=\"1\">\n        <div  class=\"tb_text_wrap\">\n    <p style=\"text-align: center;\"><span style=\"color: #ffc46b;\"><img loading=\"lazy\" decoding=\"async\" class=\"wp-image-85 aligncenter\" src=\"http:\/\/www.babootextil.com\/web\/wp-content\/uploads\/2021\/12\/internacional-300x300.png\" alt=\"\" width=\"100\" height=\"100\" srcset=\"https:\/\/www.babootextil.com\/web\/wp-content\/uploads\/2021\/12\/internacional-300x300.png 300w, https:\/\/www.babootextil.com\/web\/wp-content\/uploads\/2021\/12\/internacional-150x150.png 150w, https:\/\/www.babootextil.com\/web\/wp-content\/uploads\/2021\/12\/internacional.png 512w\" sizes=\"auto, (max-width: 100px) 100vw, 100px\" \/><\/span><\/p>\n<p style=\"text-align: center;\"><span style=\"color: #ffc46b;\">RED COMERCIAL IMPLANTADA\u00a0<\/span><\/p>\n<p style=\"text-align: justify;\">Nuestro conocimiento de mercado nos hace estar en constante b\u00fasqueda de los mejores distribuidores y colaboradores en cada pa\u00eds mejorando d\u00eda a d\u00eda nuestra propia exigencia a nivel comercial.<\/p>    <\/div>\n<\/div>\n<!-- \/module text -->\t        <\/div>\n\t    \t<\/div>\n\t\t<div  data-lazy=\"1\" class=\"module_column tb-column col3-1 last tb_pt8h415 tf_box\">\n\t    \t    \t        <div class=\"tb-column-inner tf_box tf_w\">\n\t\t    <!-- module text -->\n<div  class=\"module module-text tb_c53n13   \" data-lazy=\"1\">\n        <div  class=\"tb_text_wrap\">\n    <p style=\"text-align: center;\"><span style=\"color: #ffc46b;\"><img loading=\"lazy\" decoding=\"async\" class=\"wp-image-80 aligncenter\" src=\"http:\/\/www.babootextil.com\/web\/wp-content\/uploads\/2021\/12\/camaraderia-300x300.png\" alt=\"\" width=\"100\" height=\"100\" srcset=\"https:\/\/www.babootextil.com\/web\/wp-content\/uploads\/2021\/12\/camaraderia-300x300.png 300w, https:\/\/www.babootextil.com\/web\/wp-content\/uploads\/2021\/12\/camaraderia-150x150.png 150w, https:\/\/www.babootextil.com\/web\/wp-content\/uploads\/2021\/12\/camaraderia.png 512w\" sizes=\"auto, (max-width: 100px) 100vw, 100px\" \/><\/span><\/p>\n<p style=\"text-align: center;\"><span style=\"color: #ffc46b;\">RSC<\/span><\/p>\n<p style=\"text-align: justify;\">Colaboramos con centros especiales de empleo para la incorporaci\u00f3n de las personas con discapacidades al mundo laboral. Adem\u00e1s, tambi\u00e9n colaboramos con la FUNDACI\u00d3N DREAMIT, que promueve la educaci\u00f3n infantil y donaci\u00f3n de tecnolog\u00eda en los paises menos desarrollados.<\/p>    <\/div>\n<\/div>\n<!-- \/module text -->\t        <\/div>\n\t    \t<\/div>\n\t\t    <\/div>\n\t    <!-- \/row_inner -->\n\t<\/div>\n\t<!-- \/module_row -->\n\t<\/div>\n<!--\/themify_builder_content-->","protected":false},"excerpt":{"rendered":"<p>CON\u00d3CENOS Baboo Textil Sociedad Limitada Contamos con 13 a\u00f1os de funcionamineto dedic\u00e1ndonos a la importaci\u00f3n, exportaci\u00f3n, almacenamiento, compra y venta al por mayor y menor de productos y mercanc\u00edas textiles. Somos una empresa dedicada al desarrollo, fabricaci\u00f3n, distribuci\u00f3n y comerzalizaci\u00f3n de\u00a0productos\u00a0 underwear, homewear y swimwear bajo licencia a nivel global.\u00a0 Actualmente somos propietarios de la [&hellip;]<\/p>\n","protected":false},"author":1,"featured_media":0,"parent":0,"menu_order":0,"comment_status":"closed","ping_status":"closed","template":"","meta":{"footnotes":""},"class_list":["post-58","page","type-page","status-publish","hentry","has-post-title","has-post-date","has-post-category","has-post-tag","has-post-comment","has-post-author",""],"builder_content":"<h2 style=\"text-align: center;\"><strong>CON\u00d3CENOS<\/strong><\/h2>\n<p style=\"text-align: center;\">Baboo Textil Sociedad Limitada<\/p> <p style=\"text-align: center;\">Contamos con 13 a\u00f1os de funcionamineto dedic\u00e1ndonos a la importaci\u00f3n, exportaci\u00f3n,<\/p> <p style=\"text-align: center;\">almacenamiento, compra y venta al por mayor y menor<\/p> <p style=\"text-align: center;\">de productos y mercanc\u00edas textiles.<\/p>\n<img src=\"http:\/\/www.babootextil.com\/web\/wp-content\/uploads\/2021\/05\/logo.png\" width=\"316\" height=\"63\" title=\"Con\u00f3cenos\" alt=\"Con\u00f3cenos\">\n<p style=\"text-align: center;\">Somos una empresa dedicada al desarrollo, fabricaci\u00f3n, distribuci\u00f3n y comerzalizaci\u00f3n de\u00a0productos\u00a0<\/p> <p style=\"text-align: center;\">underwear, homewear y swimwear bajo licencia a nivel global.\u00a0<\/p> <p style=\"text-align: center;\">Actualmente somos propietarios de la licencia de Azzaro Par\u00eds y Ungaro.<\/p> <p style=\"text-align: center;\">Adem\u00e1s durante estos \u00faltimos a\u00f1os hemos desarrollado y fabricado para otras marcas.<\/p> <p>\u00a0<\/p> <p>\u00a0<\/p>\n<p style=\"text-align: center;\"><img loading=\"lazy\" decoding=\"async\" src=\"http:\/\/www.babootextil.com\/web\/wp-content\/uploads\/2021\/12\/fabrica-300x300.png\" alt=\"\" width=\"100\" height=\"100\" srcset=\"https:\/\/www.babootextil.com\/web\/wp-content\/uploads\/2021\/12\/fabrica-300x300.png 300w, https:\/\/www.babootextil.com\/web\/wp-content\/uploads\/2021\/12\/fabrica-150x150.png 150w, https:\/\/www.babootextil.com\/web\/wp-content\/uploads\/2021\/12\/fabrica.png 512w\" sizes=\"auto, (max-width: 100px) 100vw, 100px\" \/><\/p> <p style=\"text-align: center;\">FABRICACI\u00d3N<\/p> <p style=\"text-align: justify;\">Adem\u00e1s del equipo de dise\u00f1o propio, colaboramos con estudios de dise\u00f1o internacionales y grandes dise\u00f1adores de la moda localizados en Francia, Italia y Alemania. Este enfoque permite acceder y conocer las evoluciones de dise\u00f1o y estilo en cada segmento.<\/p>\n<p style=\"text-align: center;\"><img loading=\"lazy\" decoding=\"async\" src=\"http:\/\/www.babootextil.com\/web\/wp-content\/uploads\/2021\/12\/camion-300x300.png\" alt=\"\" width=\"100\" height=\"100\" srcset=\"https:\/\/www.babootextil.com\/web\/wp-content\/uploads\/2021\/12\/camion-300x300.png 300w, https:\/\/www.babootextil.com\/web\/wp-content\/uploads\/2021\/12\/camion-150x150.png 150w, https:\/\/www.babootextil.com\/web\/wp-content\/uploads\/2021\/12\/camion.png 512w\" sizes=\"auto, (max-width: 100px) 100vw, 100px\" \/><\/p> <p style=\"text-align: center;\">LOG\u00cdSTICA<\/p> <p style=\"text-align: justify;\">Contamos con un almacen de 2000m\u00b2 situado en Valencia. Nuestra localizaci\u00f3n y saber hacer, junto con nuestros proveedores log\u00edsticos, hace de la r\u00e1pidez en las entregas una de nuestras mayores virtudes.<\/p>\n<p style=\"text-align: center;\"><img loading=\"lazy\" decoding=\"async\" src=\"http:\/\/www.babootextil.com\/web\/wp-content\/uploads\/2021\/12\/paleta-300x300.png\" alt=\"\" width=\"100\" height=\"100\" srcset=\"https:\/\/www.babootextil.com\/web\/wp-content\/uploads\/2021\/12\/paleta-300x300.png 300w, https:\/\/www.babootextil.com\/web\/wp-content\/uploads\/2021\/12\/paleta-150x150.png 150w, https:\/\/www.babootextil.com\/web\/wp-content\/uploads\/2021\/12\/paleta.png 512w\" sizes=\"auto, (max-width: 100px) 100vw, 100px\" \/><\/p> <p style=\"text-align: center;\">EXPERIENCIA Y CAPACIDAD DE DISE\u00d1O<\/p> <p>Contamos con un gran equipo de dise\u00f1o propio y adem\u00e1s de ello colaboramos con estudios de dise\u00f1o internacionales y dise\u00f1adores franceses que nos permiten tenernos actualizados en el sector de la moda.<\/p>\n<p style=\"text-align: center;\"><img loading=\"lazy\" decoding=\"async\" src=\"http:\/\/www.babootextil.com\/web\/wp-content\/uploads\/2021\/12\/seo-300x300.png\" alt=\"\" width=\"100\" height=\"100\" srcset=\"https:\/\/www.babootextil.com\/web\/wp-content\/uploads\/2021\/12\/seo-300x300.png 300w, https:\/\/www.babootextil.com\/web\/wp-content\/uploads\/2021\/12\/seo-150x150.png 150w, https:\/\/www.babootextil.com\/web\/wp-content\/uploads\/2021\/12\/seo.png 512w\" sizes=\"auto, (max-width: 100px) 100vw, 100px\" \/><\/p> <p style=\"text-align: center;\">ACCIONES COMERCIALES<\/p> <p style=\"text-align: justify;\">Estamos presentes en las principales Ferias relacionadas con cada una de las lineas de producto. Contacto directo con mayoristas, representantes y grandes clientes. B\u00fasqueda de nuevos mercados emergentes con potencial de cremiento.<\/p>\n<p style=\"text-align: center;\"><img loading=\"lazy\" decoding=\"async\" src=\"http:\/\/www.babootextil.com\/web\/wp-content\/uploads\/2021\/12\/internacional-300x300.png\" alt=\"\" width=\"100\" height=\"100\" srcset=\"https:\/\/www.babootextil.com\/web\/wp-content\/uploads\/2021\/12\/internacional-300x300.png 300w, https:\/\/www.babootextil.com\/web\/wp-content\/uploads\/2021\/12\/internacional-150x150.png 150w, https:\/\/www.babootextil.com\/web\/wp-content\/uploads\/2021\/12\/internacional.png 512w\" sizes=\"auto, (max-width: 100px) 100vw, 100px\" \/><\/p> <p style=\"text-align: center;\">RED COMERCIAL IMPLANTADA\u00a0<\/p> <p style=\"text-align: justify;\">Nuestro conocimiento de mercado nos hace estar en constante b\u00fasqueda de los mejores distribuidores y colaboradores en cada pa\u00eds mejorando d\u00eda a d\u00eda nuestra propia exigencia a nivel comercial.<\/p>\n<p style=\"text-align: center;\"><img loading=\"lazy\" decoding=\"async\" src=\"http:\/\/www.babootextil.com\/web\/wp-content\/uploads\/2021\/12\/camaraderia-300x300.png\" alt=\"\" width=\"100\" height=\"100\" srcset=\"https:\/\/www.babootextil.com\/web\/wp-content\/uploads\/2021\/12\/camaraderia-300x300.png 300w, https:\/\/www.babootextil.com\/web\/wp-content\/uploads\/2021\/12\/camaraderia-150x150.png 150w, https:\/\/www.babootextil.com\/web\/wp-content\/uploads\/2021\/12\/camaraderia.png 512w\" sizes=\"auto, (max-width: 100px) 100vw, 100px\" \/><\/p> <p style=\"text-align: center;\">RSC<\/p> <p style=\"text-align: justify;\">Colaboramos con centros especiales de empleo para la incorporaci\u00f3n de las personas con discapacidades al mundo laboral. Adem\u00e1s, tambi\u00e9n colaboramos con la FUNDACI\u00d3N DREAMIT, que promueve la educaci\u00f3n infantil y donaci\u00f3n de tecnolog\u00eda en los paises menos desarrollados.<\/p>","_links":{"self":[{"href":"https:\/\/www.babootextil.com\/web\/wp-json\/wp\/v2\/pages\/58","targetHints":{"allow":["GET"]}}],"collection":[{"href":"https:\/\/www.babootextil.com\/web\/wp-json\/wp\/v2\/pages"}],"about":[{"href":"https:\/\/www.babootextil.com\/web\/wp-json\/wp\/v2\/types\/page"}],"author":[{"embeddable":true,"href":"https:\/\/www.babootextil.com\/web\/wp-json\/wp\/v2\/users\/1"}],"replies":[{"embeddable":true,"href":"https:\/\/www.babootextil.com\/web\/wp-json\/wp\/v2\/comments?post=58"}],"version-history":[{"count":25,"href":"https:\/\/www.babootextil.com\/web\/wp-json\/wp\/v2\/pages\/58\/revisions"}],"predecessor-version":[{"id":246,"href":"https:\/\/www.babootextil.com\/web\/wp-json\/wp\/v2\/pages\/58\/revisions\/246"}],"wp:attachment":[{"href":"https:\/\/www.babootextil.com\/web\/wp-json\/wp\/v2\/media?parent=58"}],"curies":[{"name":"wp","href":"https:\/\/api.w.org\/{rel}","templated":true}]}}